{"id":3956,"date":"2019-10-09T15:15:39","date_gmt":"2019-10-09T13:15:39","guid":{"rendered":"https:\/\/fattoriaterranova.it\/location\/"},"modified":"2024-07-25T14:18:37","modified_gmt":"2024-07-25T12:18:37","slug":"posizione","status":"publish","type":"page","link":"https:\/\/fattoriaterranova.it\/it\/posizione\/","title":{"rendered":"Posizione"},"content":{"rendered":"\n<p>Intorno alla Fattoria solo silenzio e natura.<\/p>\n\n\n\n<p>Immerso nella macchia mediterranea pi\u00f9 rigogliosa, tra albero di ulivi, fichi, vigne, arance e limoni. Il paese pi\u00f9 vicino, a circa 500 metri \u00e8 Sant&#8217;Agata sui due Golfi, in cui si trovano negozi di ogni genere, ristoranti, banche e bar. I centri pi\u00f9 grandi di Sorrento \u00e8 Massa Lubrense sono rispettivamente a 8 e 6 km dall&#8217;Agriturismo.<\/p>\n\n\n\n<p>Seduti a fare colazione all\u2019ombra di un patio fiorito o rilassandosi sul terrazzino della propria camera lo sguardo va dagli isolotti dei Galli al promontorio di Punta Campanella con monte San Costanzo fino al profilo azzurro di Capri con i suoi faraglioni che si staglia all\u2019orizzonte.<\/p>\n\n\n\n<p>Adiacente all&#8217;agriturismo c\u2019\u00e8 l\u2019oasi del WWF de \u201cLe Tore\u201d dove si pu\u00f2 fare&nbsp;<strong>jogging<\/strong>&nbsp;nel&nbsp;<strong>lungo viale<\/strong>&nbsp;che taglia in due una secolare pineta oppure passeggiare per uno dei tanti sentieri vista mare.<\/p>\n\n\n\n<p>A poche centinaia di metri si trova, invece,&nbsp;<a href=\"https:\/\/www.google.com\/maps\/uv?hl=it&amp;pb=!1s0x133b9bf12dc783a7%3A0x4ae910196b7a5ce3!2m22!2m2!1i80!2i80!3m1!2i20!16m16!1b1!2m2!1m1!1e1!2m2!1m1!1e3!2m2!1m1!1e5!2m2!1m1!1e4!2m2!1m1!1e6!3m1!7e115!4shttps%3A%2F%2Flh5.googleusercontent.com%2Fp%2FAF1QipPNhAlYZA92aPrcd13MQeQIKpVZzEFO828EBXQn%3Dw240-h160-k-no!5sfattoria%20terranova%20-%20Cerca%20con%20Google&amp;imagekey=!1e2!2sdgQBTZ0koDewfO5V3WRWRA&amp;sa=X&amp;ved=0ahUKEwiZiZSo8ZHaAhVKPsAKHZojBc0QoioIyAEwDg\" target=\"_blank\" rel=\"noreferrer noopener\"><strong>Sant\u2019Agata sui Due Golfi<\/strong>&nbsp;<\/a>un piccolo e caratteristico borgo che prende il suo nome dalla particolarit\u00e0 di essere affacciato contemporaneamente su due golfi: da un lato quello di Napoli, dall\u2019altro quello di Salerno.<\/p>\n\n\n\n<p><strong>Massa Lubrense<\/strong>&nbsp;con le sue spiagge e il suo mare da&nbsp;<em>Bandiera Blu<\/em>&nbsp;si raggiunge con cinque minuti di auto: la meta ideale per una giornata al mare.<\/p>\n\n\n\n<p><strong>Il centro di Sorrento \u00e8 a 15 minuti di auto.<\/strong><\/p>\n\n\n\n<p>Da l\u00ec potete prende il treno per visitare gli scavi di Pompei o Ercolano oppure raggiungere il porto da dove partono aliscafi e traghetti per Capri, Ischia e Napoli.<\/p>\n\n\n\n<p><strong>A meno di cinque minuti<\/strong>&nbsp;dall\u2019agriturismo inizia invece la strada della&nbsp;<strong>Costiera Amalfitana<\/strong>, con le sue sinuose curve e le spettacolari viste sul mare che in meno di venti minuti vi condurr\u00e0 a Positano.<\/p>\n\n\n\n<p>Insomma, i posti da vedere nei dintorni della Fattoria Terranova sono talmente tanti che di sicuro i giorni della vostra vacanza vi sembreranno sempre troppo pochi.<\/p>\n\n\n\n<figure class=\"wp-block-gallery has-nested-images columns-8 is-cropped wp-block-gallery-1 is-layout-flex wp-block-gallery-is-layout-flex\">\n<figure class=\"wp-block-image\"><a href=\"https:\/\/fattoriaterranova.it\/wp-content\/uploads\/amalfi-150x150.jpg\"><img loading=\"lazy\" decoding=\"async\" width=\"150\" height=\"150\" data-id=\"2143\" src=\"https:\/\/fattoriaterranova.it\/wp-content\/uploads\/amalfi-150x150.jpg\" alt=\"\" class=\"wp-image-2143\"\/><\/a><\/figure>\n\n\n\n<figure class=\"wp-block-image\"><a href=\"https:\/\/fattoriaterranova.it\/wp-content\/uploads\/marina-della-lobra-150x150.jpg\"><img loading=\"lazy\" decoding=\"async\" width=\"150\" height=\"150\" data-id=\"2151\" src=\"https:\/\/fattoriaterranova.it\/wp-content\/uploads\/marina-della-lobra-150x150.jpg\" alt=\"\" class=\"wp-image-2151\"\/><\/a><\/figure>\n\n\n\n<figure class=\"wp-block-image\"><a href=\"https:\/\/fattoriaterranova.it\/wp-content\/uploads\/marina-grande-150x150.jpg\"><img loading=\"lazy\" decoding=\"async\" width=\"150\" height=\"150\" data-id=\"2153\" src=\"https:\/\/fattoriaterranova.it\/wp-content\/uploads\/marina-grande-150x150.jpg\" alt=\"\" class=\"wp-image-2153\"\/><\/a><\/figure>\n\n\n\n<figure class=\"wp-block-image\"><a href=\"https:\/\/fattoriaterranova.it\/wp-content\/uploads\/positano-150x150.jpg\"><img loading=\"lazy\" decoding=\"async\" width=\"150\" height=\"150\" data-id=\"2155\" src=\"https:\/\/fattoriaterranova.it\/wp-content\/uploads\/positano-150x150.jpg\" alt=\"\" class=\"wp-image-2155\"\/><\/a><\/figure>\n\n\n\n<figure class=\"wp-block-image\"><a href=\"https:\/\/fattoriaterranova.it\/wp-content\/uploads\/sorrento-150x150.jpg\"><img loading=\"lazy\" decoding=\"async\" width=\"150\" height=\"150\" data-id=\"2141\" src=\"https:\/\/fattoriaterranova.it\/wp-content\/uploads\/sorrento-150x150.jpg\" alt=\"\" class=\"wp-image-2141\"\/><\/a><\/figure>\n\n\n\n<figure class=\"wp-block-image\"><a href=\"https:\/\/fattoriaterranova.it\/wp-content\/uploads\/sentiero-degli-dei-s-150x150.jpg\"><img loading=\"lazy\" decoding=\"async\" width=\"150\" height=\"150\" data-id=\"2157\" src=\"https:\/\/fattoriaterranova.it\/wp-content\/uploads\/sentiero-degli-dei-s-150x150.jpg\" alt=\"\" class=\"wp-image-2157\" srcset=\"https:\/\/fattoriaterranova.it\/wp-content\/uploads\/sentiero-degli-dei-s-150x150.jpg 150w, https:\/\/fattoriaterranova.it\/wp-content\/uploads\/sentiero-degli-dei-s-166x166.jpg 166w, https:\/\/fattoriaterranova.it\/wp-content\/uploads\/sentiero-degli-dei-s-600x600.jpg 600w, https:\/\/fattoriaterranova.it\/wp-content\/uploads\/sentiero-degli-dei-s-768x768.jpg 768w, https:\/\/fattoriaterranova.it\/wp-content\/uploads\/sentiero-degli-dei-s.jpg 1080w\" sizes=\"auto, (max-width: 150px) 100vw, 150px\" \/><\/a><\/figure>\n\n\n\n<figure class=\"wp-block-image\"><a href=\"https:\/\/fattoriaterranova.it\/wp-content\/uploads\/sentiero-degli-dei-150x150.jpg\"><img loading=\"lazy\" decoding=\"async\" width=\"150\" height=\"150\" data-id=\"2159\" src=\"https:\/\/fattoriaterranova.it\/wp-content\/uploads\/sentiero-degli-dei-150x150.jpg\" alt=\"\" class=\"wp-image-2159\"\/><\/a><\/figure>\n\n\n\n<figure class=\"wp-block-image\"><a href=\"https:\/\/fattoriaterranova.it\/wp-content\/uploads\/sentiero-delle-sirenuse-150x150.jpg\"><img loading=\"lazy\" decoding=\"async\" width=\"150\" height=\"150\" data-id=\"2161\" src=\"https:\/\/fattoriaterranova.it\/wp-content\/uploads\/sentiero-delle-sirenuse-150x150.jpg\" alt=\"\" class=\"wp-image-2161\"\/><\/a><\/figure>\n\n\n\n<figure class=\"wp-block-image\"><a href=\"https:\/\/fattoriaterranova.it\/wp-content\/uploads\/sentiero-per-ieranto-150x150.jpg\"><img loading=\"lazy\" decoding=\"async\" width=\"150\" height=\"150\" data-id=\"2139\" src=\"https:\/\/fattoriaterranova.it\/wp-content\/uploads\/sentiero-per-ieranto-150x150.jpg\" alt=\"\" class=\"wp-image-2139\"\/><\/a><\/figure>\n\n\n\n<figure class=\"wp-block-image\"><a href=\"https:\/\/fattoriaterranova.it\/wp-content\/uploads\/sentiero-delle-sirenuse2-150x150.jpg\"><img loading=\"lazy\" decoding=\"async\" width=\"150\" height=\"150\" data-id=\"2163\" src=\"https:\/\/fattoriaterranova.it\/wp-content\/uploads\/sentiero-delle-sirenuse2-150x150.jpg\" alt=\"\" class=\"wp-image-2163\"\/><\/a><\/figure>\n\n\n\n<figure class=\"wp-block-image\"><a href=\"https:\/\/fattoriaterranova.it\/wp-content\/uploads\/ercolano-scavi-150x150.jpg\"><img loading=\"lazy\" decoding=\"async\" width=\"150\" height=\"150\" data-id=\"2174\" src=\"https:\/\/fattoriaterranova.it\/wp-content\/uploads\/ercolano-scavi-150x150.jpg\" alt=\"\" class=\"wp-image-2174\"\/><\/a><\/figure>\n\n\n\n<figure class=\"wp-block-image\"><a href=\"https:\/\/fattoriaterranova.it\/wp-content\/uploads\/monasterodallalto-il-monastero-di-santa-agata-sui-due-golfi-150x150.jpg\"><img loading=\"lazy\" decoding=\"async\" width=\"150\" height=\"150\" data-id=\"2166\" src=\"https:\/\/fattoriaterranova.it\/wp-content\/uploads\/monasterodallalto-il-monastero-di-santa-agata-sui-due-golfi-150x150.jpg\" alt=\"\" class=\"wp-image-2166\"\/><\/a><\/figure>\n\n\n\n<figure class=\"wp-block-image\"><a href=\"https:\/\/fattoriaterranova.it\/wp-content\/uploads\/pompei-scavi-150x150.jpg\"><img loading=\"lazy\" decoding=\"async\" width=\"150\" height=\"150\" data-id=\"2177\" src=\"https:\/\/fattoriaterranova.it\/wp-content\/uploads\/pompei-scavi-150x150.jpg\" alt=\"\" class=\"wp-image-2177\"\/><\/a><\/figure>\n\n\n\n<figure class=\"wp-block-image\"><a href=\"https:\/\/fattoriaterranova.it\/wp-content\/uploads\/ieranto-150x150.jpg\"><img loading=\"lazy\" decoding=\"async\" width=\"150\" height=\"150\" data-id=\"2149\" src=\"https:\/\/fattoriaterranova.it\/wp-content\/uploads\/ieranto-150x150.jpg\" alt=\"\" class=\"wp-image-2149\"\/><\/a><\/figure>\n\n\n\n<figure class=\"wp-block-image\"><a href=\"https:\/\/fattoriaterranova.it\/wp-content\/uploads\/galli-150x150.jpg\"><img loading=\"lazy\" decoding=\"async\" width=\"150\" height=\"150\" data-id=\"2147\" src=\"https:\/\/fattoriaterranova.it\/wp-content\/uploads\/galli-150x150.jpg\" alt=\"\" class=\"wp-image-2147\"\/><\/a><\/figure>\n\n\n\n<figure class=\"wp-block-image\"><a href=\"https:\/\/fattoriaterranova.it\/wp-content\/uploads\/ORTI-FATTORIA-TEERRANOVA-IN-COSTIERA-AMLFITANA-6-2-150x150.jpg\"><img loading=\"lazy\" decoding=\"async\" width=\"150\" height=\"150\" data-id=\"2171\" src=\"https:\/\/fattoriaterranova.it\/wp-content\/uploads\/ORTI-FATTORIA-TEERRANOVA-IN-COSTIERA-AMLFITANA-6-2-150x150.jpg\" alt=\"\" class=\"wp-image-2171\"\/><\/a><\/figure>\n<\/figure>\n\n\n\n<h3 class=\"wp-block-heading has-text-align-center\">Come Raggiungere la Fattoria Terranova<\/h3>\n\n\n\n<p><iframe loading=\"lazy\" src=\"https:\/\/www.google.com\/maps\/embed?pb=!1m14!1m8!1m3!1d48463.451032112076!2d14.401329821071185!3d40.60858064148053!3m2!1i1024!2i768!4f13.1!3m3!1m2!1s0x0%3A0x4ae910196b7a5ce3!2sAgriturismo%20Fattoria%20Terranova!5e0!3m2!1sit!2sfr!4v1572341224005!5m2!1sit!2sfr\" width=\"100%\" height=\"450\" frameborder=\"0\" style=\"border:0;\" allowfullscreen=\"\"><\/iframe><\/p>\n\n\n\n<pre class=\"wp-block-preformatted\">Per chi utilizza il navigatore satellitare ecco le coordinate:\n\n<strong>Latitude: &nbsp;<\/strong><em>40.6078787 \u2013&nbsp;<\/em><strong>Longitude:<\/strong><em>&nbsp;14.3773153<\/em> \n\n<em><em>Una volta arrivati, seguite la segnaletica per la Fattoria Terranova. (Girare a sinistra, la stradina in salita vi porter\u00e0 direttamente in Fattoria).<\/em><\/em>\n\n<a href=\"https:\/\/www.google.com\/maps\/uv?hl=it&amp;pb=!1s0x133b9bf12dc783a7%3A0x4ae910196b7a5ce3!2m22!2m2!1i80!2i80!3m1!2i20!16m16!1b1!2m2!1m1!1e1!2m2!1m1!1e3!2m2!1m1!1e5!2m2!1m1!1e4!2m2!1m1!1e6!3m1!7e115!4shttps%3A%2F%2Flh5.googleusercontent.com%2Fp%2FAF1QipPNhAlYZA92aPrcd13MQeQIKpVZzEFO828EBXQn%3Dw240-h160-k-no!5sfattoria%20terranova%20-%20Cerca%20con%20Google&amp;imagekey=!1e2!2sdgQBTZ0koDewfO5V3WRWRA&amp;sa=X&amp;ved=0ahUKEwiZiZSo8ZHaAhVKPsAKHZojBc0QoioIyAEwDg\" target=\"_blank\" rel=\"noreferrer noopener\">Clicca e segui<\/a><\/pre>\n\n\n\n<h4 class=\"wp-block-heading\"><img loading=\"lazy\" decoding=\"async\" width=\"24\" height=\"24\" class=\"wp-image-366\" style=\"width: 24px;\" src=\"https:\/\/fattoriaterranova.it\/wp-content\/uploads\/airplane.png\" alt=\"\"> In aereo<\/h4>\n\n\n\n<p>L\u2019aeroporto di Napoli \u2013 Capodichino \u00e8 quello pi\u00f9 comodo e vicino a Sorrento e a Sant\u2019Agata sui due Golfi (a 60 chilometri). Dall\u2019aeroporto prendete un autobus delle linee Curreri per Sorrento e scendete al capolinea (il viaggio \u00e8 di un\u2019ora e mezza circa).<\/p>\n\n\n\n<p>A Sorrento cambiate autobus e prendete quello della Sita per Sant\u2019Agata sui due Golfi (direzione Via Priora) e scendete dopo 20 minuti.<\/p>\n\n\n\n<p>La fermata \u00e8 a 1 Km dall&#8217;agriturismo. Consigliamo di chiamare la reception e segnalare il vostro arrivo se siete a piedi.<\/p>\n\n\n\n<h4 class=\"wp-block-heading\"><img loading=\"lazy\" decoding=\"async\" width=\"24\" height=\"24\" class=\"wp-image-371\" style=\"width: 24px;\" src=\"https:\/\/fattoriaterranova.it\/wp-content\/uploads\/train.png\" alt=\"\"> In treno<\/h4>\n\n\n\n<p>Per arrivare alla Fattoria con il treno dovete arrivare a Napoli, alla stazione Napoli Centrale di piazza Garibaldi, e prendere il treno della linea Circumvesuviana per Sorrento (il viaggio \u00e8 di circa un\u2019ora e mezza). <\/p>\n\n\n\n<p>Da Sorrento, l\u2019agriturismo Fattoria Terranova \u00e8 a 20 minuti di autobus, ci arrivate con l\u2019autobus della Sita per Sant\u2019Agata sui due Golfi (direzione Via Priora).<\/p>\n\n\n\n<p>La fermata \u00e8 a 1 Km dall&#8217;agriturismo.<\/p>\n\n\n\n<p>Consigliamo di chiamare la reception e segnalare il vostro arrivo se siete a piedi.<\/p>\n\n\n\n<h4 class=\"wp-block-heading\"><img loading=\"lazy\" decoding=\"async\" width=\"24\" height=\"24\" class=\"wp-image-385\" style=\"width: 24px;\" src=\"https:\/\/fattoriaterranova.it\/wp-content\/uploads\/car-4.png\" alt=\"\"> In auto<\/h4>\n\n\n\n<p>La macchina \u00e8 sicuramente il mezzo pi\u00f9 comodo per raggiungere la Fattoria Terranova, anche perch\u00e9&nbsp;<strong>per tutte le nostre tipologie di camere c\u2019\u00e8 un posto auto riservato<\/strong>, oltre ai due parcheggi disponibili nei pressi del ristorante e sul livello della strada principale.<\/p>\n\n\n\n<p>Che proveniate dall\u2019autostrada Salerno \u2013 Reggio Calabria (autostrada A3) o dalla Napoli \u2013 Roma, seguite i cartelli per la Penisola Sorrentina e uscite a Castellamare di Stabia. Imboccate la Strada Statale 145 per Sorrento.<\/p>\n\n\n\n<p><strong>Da qui potete scegliere due percorsi:<\/strong><\/p>\n\n\n\n<ul class=\"wp-block-list\">\n<li><strong>Il primo<\/strong>\u00a0\u00e8 arrivare fino a Sorrento, sempre percorrendo la SS 145. Da qui continuate in direzione Sant&#8217;Agata sui Due Golfi per 7 km, fino all&#8217;incrocio con via Nastro Verde dove si trova l\u2019Hotel due Golfi. Dall&#8217;incrocio proseguite, sempre in direzione Sant&#8217;Agata e dopo 400 mt\u00a0 svoltate a sinistra per via Pontone seguendo le indicazioni per l\u2019Agriturismo Fattoria Terranova. Attenzione, via Pontone si trova a pochi metri prima del pese di Sant&#8217;Agata sui due Golfi, per cui\u00a0 NON ENTRATE NEL PAESE! Una volta entrati in via Pontone percorrete poche centinaia di metri fino ad imboccare la strada privata e fermatevi al civico 10.<\/li>\n\n\n\n<li><strong>Il secondo<\/strong>\u00a0percorso vi permette di svoltare in direzione Sant&#8217;Agata sui due Golfi dal comune di Piano di Sorrento, senza raggiungere il centro di Sorrento. Da Piano, infatti, svoltando per Via Cavone potrete tagliare il tragitto e arrivare direttamente a Sant\u2019Agata. La strada vi porta sempre all&#8217;incrocio in cui si trova l\u2019Hotel due Golfi, da cui dovete proseguire diritti per 400 mt e poi svoltare per via Pontone.<\/li>\n<\/ul>\n","protected":false},"excerpt":{"rendered":"<p>Intorno alla Fattoria solo silenzio e natura. Immerso nella macchia mediterranea pi\u00f9 rigogliosa, tra albero di ulivi, fichi, vigne, arance e limoni. Il paese pi\u00f9 vicino, a circa 500 metri \u00e8 Sant&#8217;Agata sui due Golfi, in cui si trovano negozi &#8230; <\/p>\n<p class=\"read-more-container\"><a title=\"Posizione\" class=\"read-more button\" href=\"https:\/\/fattoriaterranova.it\/it\/posizione\/#more-3956\" aria-label=\"Per saperne di pi\u00f9 su Posizione\">Leggi tutto<\/a><\/p>\n","protected":false},"author":2,"featured_media":1416,"parent":0,"menu_order":0,"comment_status":"closed","ping_status":"closed","template":"","meta":{"footnotes":""},"class_list":{"0":"post-3956","1":"page","2":"type-page","3":"status-publish","4":"has-post-thumbnail","6":"infinite-scroll-item","7":"no-featured-image-padding","8":"resize-featured-image"},"_links":{"self":[{"href":"https:\/\/fattoriaterranova.it\/it\/wp-json\/wp\/v2\/pages\/3956","targetHints":{"allow":["GET"]}}],"collection":[{"href":"https:\/\/fattoriaterranova.it\/it\/wp-json\/wp\/v2\/pages"}],"about":[{"href":"https:\/\/fattoriaterranova.it\/it\/wp-json\/wp\/v2\/types\/page"}],"author":[{"embeddable":true,"href":"https:\/\/fattoriaterranova.it\/it\/wp-json\/wp\/v2\/users\/2"}],"replies":[{"embeddable":true,"href":"https:\/\/fattoriaterranova.it\/it\/wp-json\/wp\/v2\/comments?post=3956"}],"version-history":[{"count":0,"href":"https:\/\/fattoriaterranova.it\/it\/wp-json\/wp\/v2\/pages\/3956\/revisions"}],"wp:featuredmedia":[{"embeddable":true,"href":"https:\/\/fattoriaterranova.it\/it\/wp-json\/wp\/v2\/media\/1416"}],"wp:attachment":[{"href":"https:\/\/fattoriaterranova.it\/it\/wp-json\/wp\/v2\/media?parent=3956"}],"curies":[{"name":"wp","href":"https:\/\/api.w.org\/{rel}","templated":true}]}}